{"id":2,"date":"2023-04-11T16:18:58","date_gmt":"2023-04-11T16:18:58","guid":{"rendered":"https:\/\/www.suffritti.it\/?page_id=2"},"modified":"2023-04-11T17:22:48","modified_gmt":"2023-04-11T17:22:48","slug":"sample-page","status":"publish","type":"page","link":"https:\/\/www.suffritti.it\/","title":{"rendered":"Home"},"content":{"rendered":"\n<h2 class=\"wp-block-heading\">Benvenuti su suffritti.it, il nostro sito di cazzeggio<\/h2>\n\n\n\n<div class=\"wp-block-cover is-light has-large-font-size\"><span aria-hidden=\"true\" class=\"wp-block-cover__background has-background-dim\"><\/span><img decoding=\"async\" class=\"wp-block-cover__image-background wp-image-22\" alt=\"\" src=\"https:\/\/www.suffritti.it\/wp-content\/uploads\/2023\/04\/PietroSamuraiSmall.png\" style=\"object-position:44% 14%\" data-object-fit=\"cover\" data-object-position=\"44% 14%\"\/><div class=\"wp-block-cover__inner-container is-layout-flow wp-block-cover-is-layout-flow\">\n<h2 class=\"wp-block-heading has-text-align-center has-luminous-vivid-amber-color has-text-color has-medium-font-size\" style=\"font-style:normal;font-weight:700\">Qui noi ci divertiamo a fare cose, non \u00e8 un sito che offre servizi. se vi piace bene, se no, amen.<\/h2>\n\n\n\n<h2 class=\"wp-block-heading has-text-align-center has-luminous-vivid-amber-color has-text-color has-medium-font-size\" style=\"font-style:normal;font-weight:700\">E occhio che le cazzate qui sopra le possiamo fare solo noi. <\/h2>\n\n\n\n<h2 class=\"wp-block-heading has-text-align-center has-luminous-vivid-amber-color has-text-color has-medium-font-size\" style=\"font-style:normal;font-weight:700\">E vi guardo storto, eh? \ud83d\ude00 <\/h2>\n<\/div><\/div>\n\n\n\n<p>Questo sito \u00e8 un oggetto fatto per puro divertissement familiare, \u00e8 nato intorno al \u201994 quando Pietro si \u00e8 preso il dominio per avere una mail carina, e lo usiamo solo per giochicchiarci.<\/p>\n\n\n\n<p>Per esempio adesso ci finisce roba fatta su Midjourney o cose cos\u00ec, ma voi non fateci gran caso.<\/p>\n\n\n\n<p>Pu\u00f2 darsi che ci trovate qualcosa di interessante, pu\u00f2 darsi di no, ma il nostro scopo \u00e8 solo fare divertire noi, spiacenti<\/p>\n\n\n\n<blockquote class=\"wp-block-quote is-layout-flow wp-block-quote-is-layout-flow\">\n<p>&#8220;DELENDA CARTHAGO!&#8221; come disse il grande Catone!<\/p>\n<cite>cit. Asterix e gli allori di Cesare<\/cite><\/blockquote>\n\n\n\n<p><strong>MA &#8230; MA&#8230; E il database delle Cazzate di alta Qualit\u00e0? e tutte le altre boiate del vecchio sito?<\/strong><\/p>\n\n\n\n<p>Beh, dai, da quando \u00e8 nato faccialibro, chi le seguiva pi\u00f9? e stare dietro a un sito vecchio \u00e8 una gran rottura di tasche. E questo DEVE ESSERE DIVERTENTE. Per noi, almeno<\/p>\n\n\n\n<blockquote class=\"wp-block-quote is-layout-flow wp-block-quote-is-layout-flow\">\n<p>&#8220;Ma io qui ci venivo a leggermi gli appunti sui database, e gli articoli vecchi di storia, e&#8230;&#8221;<\/p>\n<cite>Cit. un rompiballe<\/cite><\/blockquote>\n\n\n\n<p>Scusami, avevamo mai promesso a qualcuno che sarebbero rimasti su in eterno? no, vero? poi era tutta roba vecchia. <\/p>\n\n\n\n<p>Se magari un giorno a Pietro salta su il ticchio, vediamo cosa succede.<\/p>\n\n\n\n<p>Magari li rimette su&#8230;<br>Beh dai , Gli appunti sui database relazionali e quelli sul TCO ci sono, quindi non vi potete neanche lamentare. vediamo cosa altro ci finir\u00e0<\/p>\n","protected":false},"excerpt":{"rendered":"<p>Benvenuti su suffritti.it, il nostro sito di cazzeggio Questo sito \u00e8 un oggetto fatto per puro divertissement familiare, \u00e8 nato intorno al \u201994 quando Pietro si \u00e8 preso il dominio &#8230;<\/p>\n","protected":false},"author":1,"featured_media":0,"parent":0,"menu_order":0,"comment_status":"closed","ping_status":"open","template":"","meta":{"footnotes":""},"class_list":["post-2","page","type-page","status-publish","hentry"],"yoast_head":"<!-- This site is optimized with the Yoast SEO plugin v27.5 - https:\/\/yoast.com\/product\/yoast-seo-wordpress\/ -->\n<title>Home - Suffritti.it<\/title>\n<meta name=\"robots\" content=\"index, follow, max-snippet:-1, max-image-preview:large, max-video-preview:-1\" \/>\n<link rel=\"canonical\" href=\"https:\/\/www.suffritti.it\/\" \/>\n<meta property=\"og:locale\" content=\"it_IT\" \/>\n<meta property=\"og:type\" content=\"article\" \/>\n<meta property=\"og:title\" content=\"Home - Suffritti.it\" \/>\n<meta property=\"og:description\" content=\"Benvenuti su suffritti.it, il nostro sito di cazzeggio Questo sito \u00e8 un oggetto fatto per puro divertissement familiare, \u00e8 nato intorno al \u201994 quando Pietro si \u00e8 preso il dominio ...\" \/>\n<meta property=\"og:url\" content=\"https:\/\/www.suffritti.it\/\" \/>\n<meta property=\"og:site_name\" content=\"Suffritti.it\" \/>\n<meta property=\"article:modified_time\" content=\"2023-04-11T17:22:48+00:00\" \/>\n<meta property=\"og:image\" content=\"https:\/\/www.suffritti.it\/wp-content\/uploads\/2023\/04\/PietroSamuraiSmall.png\" \/>\n<meta name=\"twitter:card\" content=\"summary_large_image\" \/>\n<meta name=\"twitter:label1\" content=\"Tempo di lettura stimato\" \/>\n\t<meta name=\"twitter:data1\" content=\"2 minuti\" \/>\n<script type=\"application\/ld+json\" class=\"yoast-schema-graph\">{\"@context\":\"https:\\\/\\\/schema.org\",\"@graph\":[{\"@type\":\"WebPage\",\"@id\":\"https:\\\/\\\/www.suffritti.it\\\/\",\"url\":\"https:\\\/\\\/www.suffritti.it\\\/\",\"name\":\"Home - Suffritti.it\",\"isPartOf\":{\"@id\":\"https:\\\/\\\/www.suffritti.it\\\/#website\"},\"primaryImageOfPage\":{\"@id\":\"https:\\\/\\\/www.suffritti.it\\\/#primaryimage\"},\"image\":{\"@id\":\"https:\\\/\\\/www.suffritti.it\\\/#primaryimage\"},\"thumbnailUrl\":\"https:\\\/\\\/www.suffritti.it\\\/wp-content\\\/uploads\\\/2023\\\/04\\\/PietroSamuraiSmall.png\",\"datePublished\":\"2023-04-11T16:18:58+00:00\",\"dateModified\":\"2023-04-11T17:22:48+00:00\",\"breadcrumb\":{\"@id\":\"https:\\\/\\\/www.suffritti.it\\\/#breadcrumb\"},\"inLanguage\":\"it-IT\",\"potentialAction\":[{\"@type\":\"ReadAction\",\"target\":[\"https:\\\/\\\/www.suffritti.it\\\/\"]}]},{\"@type\":\"ImageObject\",\"inLanguage\":\"it-IT\",\"@id\":\"https:\\\/\\\/www.suffritti.it\\\/#primaryimage\",\"url\":\"https:\\\/\\\/www.suffritti.it\\\/wp-content\\\/uploads\\\/2023\\\/04\\\/PietroSamuraiSmall.png\",\"contentUrl\":\"https:\\\/\\\/www.suffritti.it\\\/wp-content\\\/uploads\\\/2023\\\/04\\\/PietroSamuraiSmall.png\"},{\"@type\":\"BreadcrumbList\",\"@id\":\"https:\\\/\\\/www.suffritti.it\\\/#breadcrumb\",\"itemListElement\":[{\"@type\":\"ListItem\",\"position\":1,\"name\":\"Home\",\"item\":\"https:\\\/\\\/www.suffritti.it\\\/\"},{\"@type\":\"ListItem\",\"position\":2,\"name\":\"Home\"}]},{\"@type\":\"WebSite\",\"@id\":\"https:\\\/\\\/www.suffritti.it\\\/#website\",\"url\":\"https:\\\/\\\/www.suffritti.it\\\/\",\"name\":\"Suffritti.it\",\"description\":\"la nostra web-casa\",\"publisher\":{\"@id\":\"https:\\\/\\\/www.suffritti.it\\\/#\\\/schema\\\/person\\\/7d2b80cf72d9701c47de6ad671953fce\"},\"potentialAction\":[{\"@type\":\"SearchAction\",\"target\":{\"@type\":\"EntryPoint\",\"urlTemplate\":\"https:\\\/\\\/www.suffritti.it\\\/?s={search_term_string}\"},\"query-input\":{\"@type\":\"PropertyValueSpecification\",\"valueRequired\":true,\"valueName\":\"search_term_string\"}}],\"inLanguage\":\"it-IT\"},{\"@type\":[\"Person\",\"Organization\"],\"@id\":\"https:\\\/\\\/www.suffritti.it\\\/#\\\/schema\\\/person\\\/7d2b80cf72d9701c47de6ad671953fce\",\"name\":\"Pietro Suffritti\",\"image\":{\"@type\":\"ImageObject\",\"inLanguage\":\"it-IT\",\"@id\":\"https:\\\/\\\/www.suffritti.it\\\/wp-content\\\/uploads\\\/2023\\\/04\\\/PietroSamuraiSmall.png\",\"url\":\"https:\\\/\\\/www.suffritti.it\\\/wp-content\\\/uploads\\\/2023\\\/04\\\/PietroSamuraiSmall.png\",\"contentUrl\":\"https:\\\/\\\/www.suffritti.it\\\/wp-content\\\/uploads\\\/2023\\\/04\\\/PietroSamuraiSmall.png\",\"width\":500,\"height\":500,\"caption\":\"Pietro Suffritti\"},\"logo\":{\"@id\":\"https:\\\/\\\/www.suffritti.it\\\/wp-content\\\/uploads\\\/2023\\\/04\\\/PietroSamuraiSmall.png\"},\"sameAs\":[\"https:\\\/\\\/www.suffritti.it\"]}]}<\/script>\n<!-- \/ Yoast SEO plugin. -->","yoast_head_json":{"title":"Home - Suffritti.it","robots":{"index":"index","follow":"follow","max-snippet":"max-snippet:-1","max-image-preview":"max-image-preview:large","max-video-preview":"max-video-preview:-1"},"canonical":"https:\/\/www.suffritti.it\/","og_locale":"it_IT","og_type":"article","og_title":"Home - Suffritti.it","og_description":"Benvenuti su suffritti.it, il nostro sito di cazzeggio Questo sito \u00e8 un oggetto fatto per puro divertissement familiare, \u00e8 nato intorno al \u201994 quando Pietro si \u00e8 preso il dominio ...","og_url":"https:\/\/www.suffritti.it\/","og_site_name":"Suffritti.it","article_modified_time":"2023-04-11T17:22:48+00:00","og_image":[{"url":"https:\/\/www.suffritti.it\/wp-content\/uploads\/2023\/04\/PietroSamuraiSmall.png","type":"","width":"","height":""}],"twitter_card":"summary_large_image","twitter_misc":{"Tempo di lettura stimato":"2 minuti"},"schema":{"@context":"https:\/\/schema.org","@graph":[{"@type":"WebPage","@id":"https:\/\/www.suffritti.it\/","url":"https:\/\/www.suffritti.it\/","name":"Home - Suffritti.it","isPartOf":{"@id":"https:\/\/www.suffritti.it\/#website"},"primaryImageOfPage":{"@id":"https:\/\/www.suffritti.it\/#primaryimage"},"image":{"@id":"https:\/\/www.suffritti.it\/#primaryimage"},"thumbnailUrl":"https:\/\/www.suffritti.it\/wp-content\/uploads\/2023\/04\/PietroSamuraiSmall.png","datePublished":"2023-04-11T16:18:58+00:00","dateModified":"2023-04-11T17:22:48+00:00","breadcrumb":{"@id":"https:\/\/www.suffritti.it\/#breadcrumb"},"inLanguage":"it-IT","potentialAction":[{"@type":"ReadAction","target":["https:\/\/www.suffritti.it\/"]}]},{"@type":"ImageObject","inLanguage":"it-IT","@id":"https:\/\/www.suffritti.it\/#primaryimage","url":"https:\/\/www.suffritti.it\/wp-content\/uploads\/2023\/04\/PietroSamuraiSmall.png","contentUrl":"https:\/\/www.suffritti.it\/wp-content\/uploads\/2023\/04\/PietroSamuraiSmall.png"},{"@type":"BreadcrumbList","@id":"https:\/\/www.suffritti.it\/#breadcrumb","itemListElement":[{"@type":"ListItem","position":1,"name":"Home","item":"https:\/\/www.suffritti.it\/"},{"@type":"ListItem","position":2,"name":"Home"}]},{"@type":"WebSite","@id":"https:\/\/www.suffritti.it\/#website","url":"https:\/\/www.suffritti.it\/","name":"Suffritti.it","description":"la nostra web-casa","publisher":{"@id":"https:\/\/www.suffritti.it\/#\/schema\/person\/7d2b80cf72d9701c47de6ad671953fce"},"potentialAction":[{"@type":"SearchAction","target":{"@type":"EntryPoint","urlTemplate":"https:\/\/www.suffritti.it\/?s={search_term_string}"},"query-input":{"@type":"PropertyValueSpecification","valueRequired":true,"valueName":"search_term_string"}}],"inLanguage":"it-IT"},{"@type":["Person","Organization"],"@id":"https:\/\/www.suffritti.it\/#\/schema\/person\/7d2b80cf72d9701c47de6ad671953fce","name":"Pietro Suffritti","image":{"@type":"ImageObject","inLanguage":"it-IT","@id":"https:\/\/www.suffritti.it\/wp-content\/uploads\/2023\/04\/PietroSamuraiSmall.png","url":"https:\/\/www.suffritti.it\/wp-content\/uploads\/2023\/04\/PietroSamuraiSmall.png","contentUrl":"https:\/\/www.suffritti.it\/wp-content\/uploads\/2023\/04\/PietroSamuraiSmall.png","width":500,"height":500,"caption":"Pietro Suffritti"},"logo":{"@id":"https:\/\/www.suffritti.it\/wp-content\/uploads\/2023\/04\/PietroSamuraiSmall.png"},"sameAs":["https:\/\/www.suffritti.it"]}]}},"_links":{"self":[{"href":"https:\/\/www.suffritti.it\/index.php?rest_route=\/wp\/v2\/pages\/2","targetHints":{"allow":["GET"]}}],"collection":[{"href":"https:\/\/www.suffritti.it\/index.php?rest_route=\/wp\/v2\/pages"}],"about":[{"href":"https:\/\/www.suffritti.it\/index.php?rest_route=\/wp\/v2\/types\/page"}],"author":[{"embeddable":true,"href":"https:\/\/www.suffritti.it\/index.php?rest_route=\/wp\/v2\/users\/1"}],"replies":[{"embeddable":true,"href":"https:\/\/www.suffritti.it\/index.php?rest_route=%2Fwp%2Fv2%2Fcomments&post=2"}],"version-history":[{"count":3,"href":"https:\/\/www.suffritti.it\/index.php?rest_route=\/wp\/v2\/pages\/2\/revisions"}],"predecessor-version":[{"id":46,"href":"https:\/\/www.suffritti.it\/index.php?rest_route=\/wp\/v2\/pages\/2\/revisions\/46"}],"wp:attachment":[{"href":"https:\/\/www.suffritti.it\/index.php?rest_route=%2Fwp%2Fv2%2Fmedia&parent=2"}],"curies":[{"name":"wp","href":"https:\/\/api.w.org\/{rel}","templated":true}]}}